{"id":210,"date":"2020-11-04T00:17:25","date_gmt":"2020-11-04T00:17:25","guid":{"rendered":"https:\/\/themes.getmotopress.com\/albatross\/?page_id=210"},"modified":"2022-04-30T21:17:52","modified_gmt":"2022-04-30T21:17:52","slug":"predstavitev","status":"publish","type":"page","link":"https:\/\/pikovo.com\/en\/introducing\/","title":{"rendered":"Introducing"},"content":{"rendered":"\t\t<div data-elementor-type=\"wp-page\" data-elementor-id=\"210\" class=\"elementor elementor-210\" data-elementor-post-type=\"page\">\n\t\t\t\t\t\t<section class=\"elementor-section elementor-top-section elementor-element elementor-element-b738728 elementor-section-boxed elementor-section-height-default elementor-section-height-default\" data-id=\"b738728\" data-element_type=\"section\">\n\t\t\t\t\t\t<div class=\"elementor-container elementor-column-gap-default\">\n\t\t\t\t\t<div class=\"elementor-column elementor-col-50 elementor-top-column elementor-element elementor-element-3a1dacf\" data-id=\"3a1dacf\" data-element_type=\"column\">\n\t\t\t<div class=\"elementor-widget-wrap elementor-element-populated\">\n\t\t\t\t\t\t<div class=\"elementor-element elementor-element-289d431 elementor-widget elementor-widget-image\" data-id=\"289d431\" data-element_type=\"widget\" data-widget_type=\"image.default\">\n\t\t\t\t<div class=\"elementor-widget-container\">\n\t\t\t\t\t\t\t\t\t\t\t\t\t\t\t<img fetchpriority=\"high\" decoding=\"async\" width=\"498\" height=\"472\" src=\"https:\/\/pikovo.com\/wp-content\/uploads\/2021\/09\/Dekorativna_2.png\" class=\"attachment-full size-full wp-image-537\" alt=\"\" srcset=\"https:\/\/pikovo.com\/wp-content\/uploads\/2021\/09\/Dekorativna_2.png 498w, https:\/\/pikovo.com\/wp-content\/uploads\/2021\/09\/Dekorativna_2-300x284.png 300w, https:\/\/pikovo.com\/wp-content\/uploads\/2021\/09\/Dekorativna_2-450x427.png 450w, https:\/\/pikovo.com\/wp-content\/uploads\/2021\/09\/Dekorativna_2-317x300.png 317w\" sizes=\"(max-width: 498px) 100vw, 498px\" \/>\t\t\t\t\t\t\t\t\t\t\t\t\t\t\t<\/div>\n\t\t\t\t<\/div>\n\t\t\t\t\t<\/div>\n\t\t<\/div>\n\t\t\t\t<div class=\"elementor-column elementor-col-50 elementor-top-column elementor-element elementor-element-5f6f1d3\" data-id=\"5f6f1d3\" data-element_type=\"column\">\n\t\t\t<div class=\"elementor-widget-wrap elementor-element-populated\">\n\t\t\t\t\t\t<div class=\"elementor-element elementor-element-fbf341b elementor-drop-cap-yes elementor-drop-cap-view-default elementor-widget elementor-widget-text-editor\" data-id=\"fbf341b\" data-element_type=\"widget\" data-settings=\"{&quot;drop_cap&quot;:&quot;yes&quot;}\" data-widget_type=\"text-editor.default\">\n\t\t\t\t<div class=\"elementor-widget-container\">\n\t\t\t\t\t\t\t\t\tHoliday house Natur Pur Pikovo is located in the embrace of unspoiled nature, near the church of St. Helene on Pikovo, far away from the noisy everyday life.\n\n\t\t\t\t\t\t\t\t<\/div>\n\t\t\t\t<\/div>\n\t\t\t\t<div class=\"elementor-element elementor-element-9113c74 elementor-widget elementor-widget-text-editor\" data-id=\"9113c74\" data-element_type=\"widget\" data-widget_type=\"text-editor.default\">\n\t\t\t\t<div class=\"elementor-widget-container\">\n\t\t\t\t\t\t\t\t\tIt is surrounded on all sides by meadows, forest and mountain views. The house was renovated in 2021.\nThe house is comfortably furnished.\nIt offers 2 bedrooms, a kitchen with a dishwasher, a microwave, a refrigerator and a coffee machine, a dining area, a living room with a huge seating area, 2 x LCD TVs, air conditioning, and a bathroom with a washer and dryer. Two outdoor terraces (one covered), equipped with sofas and an outdoor fireplace \/ grill.\t\t\t\t\t\t\t\t<\/div>\n\t\t\t\t<\/div>\n\t\t\t\t\t<\/div>\n\t\t<\/div>\n\t\t\t\t\t<\/div>\n\t\t<\/section>\n\t\t\t\t<section class=\"elementor-section elementor-top-section elementor-element elementor-element-5d8426f elementor-section-boxed elementor-section-height-default elementor-section-height-default\" data-id=\"5d8426f\" data-element_type=\"section\">\n\t\t\t\t\t\t<div class=\"elementor-container elementor-column-gap-default\">\n\t\t\t\t\t<div class=\"elementor-column elementor-col-100 elementor-top-column elementor-element elementor-element-6018175\" data-id=\"6018175\" data-element_type=\"column\">\n\t\t\t<div class=\"elementor-widget-wrap elementor-element-populated\">\n\t\t\t\t\t\t<div class=\"elementor-element elementor-element-8f9dc75 elementor-widget elementor-widget-image\" data-id=\"8f9dc75\" data-element_type=\"widget\" data-widget_type=\"image.default\">\n\t\t\t\t<div class=\"elementor-widget-container\">\n\t\t\t\t\t\t\t\t\t\t\t\t\t\t\t<img decoding=\"async\" width=\"1338\" height=\"494\" src=\"https:\/\/pikovo.com\/wp-content\/uploads\/2021\/10\/predstavitev_vse_foto.png\" class=\"attachment-full size-full wp-image-654\" alt=\"\" srcset=\"https:\/\/pikovo.com\/wp-content\/uploads\/2021\/10\/predstavitev_vse_foto.png 1338w, https:\/\/pikovo.com\/wp-content\/uploads\/2021\/10\/predstavitev_vse_foto-300x111.png 300w, https:\/\/pikovo.com\/wp-content\/uploads\/2021\/10\/predstavitev_vse_foto-1024x378.png 1024w, https:\/\/pikovo.com\/wp-content\/uploads\/2021\/10\/predstavitev_vse_foto-450x166.png 450w, https:\/\/pikovo.com\/wp-content\/uploads\/2021\/10\/predstavitev_vse_foto-768x284.png 768w, https:\/\/pikovo.com\/wp-content\/uploads\/2021\/10\/predstavitev_vse_foto-500x185.png 500w\" sizes=\"(max-width: 1338px) 100vw, 1338px\" \/>\t\t\t\t\t\t\t\t\t\t\t\t\t\t\t<\/div>\n\t\t\t\t<\/div>\n\t\t\t\t\t<\/div>\n\t\t<\/div>\n\t\t\t\t\t<\/div>\n\t\t<\/section>\n\t\t\t\t<section class=\"elementor-section elementor-top-section elementor-element elementor-element-8177b9b elementor-section-boxed elementor-section-height-default elementor-section-height-default\" data-id=\"8177b9b\" data-element_type=\"section\">\n\t\t\t\t\t\t<div class=\"elementor-container elementor-column-gap-default\">\n\t\t\t\t\t<div class=\"elementor-column elementor-col-33 elementor-top-column elementor-element elementor-element-2003bce\" data-id=\"2003bce\" data-element_type=\"column\">\n\t\t\t<div class=\"elementor-widget-wrap elementor-element-populated\">\n\t\t\t\t\t\t<div class=\"elementor-element elementor-element-e42d8ed elementor-widget elementor-widget-heading\" data-id=\"e42d8ed\" data-element_type=\"widget\" data-widget_type=\"heading.default\">\n\t\t\t\t<div class=\"elementor-widget-container\">\n\t\t\t\t\t<h6 class=\"elementor-heading-title elementor-size-default\">Odli\u010dna <br>Lokacija <\/h6>\t\t\t\t<\/div>\n\t\t\t\t<\/div>\n\t\t\t\t\t<\/div>\n\t\t<\/div>\n\t\t\t\t<div class=\"elementor-column elementor-col-33 elementor-top-column elementor-element elementor-element-483e43d\" data-id=\"483e43d\" data-element_type=\"column\">\n\t\t\t<div class=\"elementor-widget-wrap elementor-element-populated\">\n\t\t\t\t\t\t<div class=\"elementor-element elementor-element-c3dc33c elementor-widget elementor-widget-text-editor\" data-id=\"c3dc33c\" data-element_type=\"widget\" data-widget_type=\"text-editor.default\">\n\t\t\t\t<div class=\"elementor-widget-container\">\n\t\t\t\t\t\t\t\t\tAccommodation is a perfect choice for those who would like to escape from crowd and would like to enjoy in the peacefulness. It is an excellent starting point for hiking (Pikov vrh, Veliki vrh, Gorna), mountaineering (Peca, Raduha, Smrekovec, K24 Ultra Trail), mountain biking (there is the trail BlackHole Enduro 2019 nearby), climbing (ferrata Mu\u010devo)\t\t\t\t\t\t\t\t<\/div>\n\t\t\t\t<\/div>\n\t\t\t\t\t<\/div>\n\t\t<\/div>\n\t\t\t\t<div class=\"elementor-column elementor-col-33 elementor-top-column elementor-element elementor-element-c7f20b5\" data-id=\"c7f20b5\" data-element_type=\"column\">\n\t\t\t<div class=\"elementor-widget-wrap elementor-element-populated\">\n\t\t\t\t\t\t<div class=\"elementor-element elementor-element-8152b94 elementor-widget elementor-widget-text-editor\" data-id=\"8152b94\" data-element_type=\"widget\" data-widget_type=\"text-editor.default\">\n\t\t\t\t<div class=\"elementor-widget-container\">\n\t\t\t\t\t\t\t\t\t<p style=\"margin: 0cm; margin-bottom: .0001pt; line-height: 30.0pt; background: #FAF7F2;\"><span lang=\"SL\" style=\"font-size: 13.0pt; font-family: Montserrat; color: #455d58;\">in winter for skiing, cross-county skiing and sledding. Or you can merely relax in pure nature.\u00a0<\/span><\/p>\n<p style=\"margin: 0cm; margin-bottom: .0001pt; line-height: 30.0pt; background: #FAF7F2;\"><span lang=\"SL\" style=\"font-size: 13.0pt; font-family: Montserrat; color: #455d58;\">There is also an adventure climbing park nearby. In winter you can ski (ski slope \u010crna is just 10 min away),\nYou can also explore the area in the saddle, as the nearby ranch offers horseback riding. For those who are eager for adrenaline, there is also Olimpline &#8211; a zipline, 1260 m long. A real underground adventure awaits you in the Peca Underground.\n<\/span><\/p>\t\t\t\t\t\t\t\t<\/div>\n\t\t\t\t<\/div>\n\t\t\t\t\t<\/div>\n\t\t<\/div>\n\t\t\t\t\t<\/div>\n\t\t<\/section>\n\t\t\t\t<section class=\"elementor-section elementor-top-section elementor-element elementor-element-eed5547 elementor-section-boxed elementor-section-height-default elementor-section-height-default\" data-id=\"eed5547\" data-element_type=\"section\" data-settings=\"{&quot;background_background&quot;:&quot;classic&quot;}\">\n\t\t\t\t\t\t<div class=\"elementor-container elementor-column-gap-default\">\n\t\t\t\t\t<div class=\"elementor-column elementor-col-100 elementor-top-column elementor-element elementor-element-c47f8c0\" data-id=\"c47f8c0\" data-element_type=\"column\">\n\t\t\t<div class=\"elementor-widget-wrap elementor-element-populated\">\n\t\t\t\t\t\t<div class=\"elementor-element elementor-element-b70abf3 outlined elementor-widget elementor-widget-heading\" data-id=\"b70abf3\" data-element_type=\"widget\" data-widget_type=\"heading.default\">\n\t\t\t\t<div class=\"elementor-widget-container\">\n\t\t\t\t\t<h2 class=\"elementor-heading-title elementor-size-default\">dobrodo\u0161li<\/h2>\t\t\t\t<\/div>\n\t\t\t\t<\/div>\n\t\t\t\t\t<\/div>\n\t\t<\/div>\n\t\t\t\t\t<\/div>\n\t\t<\/section>\n\t\t\t\t<section class=\"elementor-section elementor-top-section elementor-element elementor-element-4436e04c elementor-section-boxed elementor-section-height-default elementor-section-height-default\" data-id=\"4436e04c\" data-element_type=\"section\">\n\t\t\t\t\t\t<div class=\"elementor-container elementor-column-gap-default\">\n\t\t\t\t\t<div class=\"elementor-column elementor-col-100 elementor-top-column elementor-element elementor-element-1c560672\" data-id=\"1c560672\" data-element_type=\"column\">\n\t\t\t<div class=\"elementor-widget-wrap elementor-element-populated\">\n\t\t\t\t\t\t<div class=\"elementor-element elementor-element-6b8e3e38 elementor-widget elementor-widget-heading\" data-id=\"6b8e3e38\" data-element_type=\"widget\" data-widget_type=\"heading.default\">\n\t\t\t\t<div class=\"elementor-widget-container\">\n\t\t\t\t\t<h2 class=\"elementor-heading-title elementor-size-default\">Kontaktirajte nas in rezervirajte svoj termin!<br><\/h2>\t\t\t\t<\/div>\n\t\t\t\t<\/div>\n\t\t\t\t<div class=\"elementor-element elementor-element-7dd01986 elementor-widget elementor-widget-shortcode\" data-id=\"7dd01986\" data-element_type=\"widget\" data-widget_type=\"shortcode.default\">\n\t\t\t\t<div class=\"elementor-widget-container\">\n\t\t\t\t\t\t\t<div class=\"elementor-shortcode\">\n<div class=\"wpcf7 no-js\" id=\"wpcf7-f1024-o1\" lang=\"sl-SI\" dir=\"ltr\" data-wpcf7-id=\"1024\">\n<div class=\"screen-reader-response\"><p role=\"status\" aria-live=\"polite\" aria-atomic=\"true\"><\/p> <ul><\/ul><\/div>\n<form action=\"\/en\/wp-json\/wp\/v2\/pages\/210#wpcf7-f1024-o1\" method=\"post\" class=\"wpcf7-form init\" aria-label=\"Contact form\" novalidate=\"novalidate\" data-status=\"init\">\n<fieldset class=\"hidden-fields-container\"><input type=\"hidden\" name=\"_wpcf7\" value=\"1024\" \/><input type=\"hidden\" name=\"_wpcf7_version\" value=\"6.1.2\" \/><input type=\"hidden\" name=\"_wpcf7_locale\" value=\"sl_SI\" \/><input type=\"hidden\" name=\"_wpcf7_unit_tag\" value=\"wpcf7-f1024-o1\" \/><input type=\"hidden\" name=\"_wpcf7_container_post\" value=\"0\" \/><input type=\"hidden\" name=\"_wpcf7_posted_data_hash\" value=\"\" \/><input type=\"hidden\" name=\"_wpcf7_recaptcha_response\" value=\"\" \/>\n<\/fieldset>\n<div id=\"responsive-form\" class=\"clearfix\">\n<div class=\"vc_row \">\n  <div class=\"content-column one_half\">\n    <label> Va\u0161e ime (*)\n        <span class=\"wpcf7-form-control-wrap\" data-name=\"your-name\"><input size=\"40\" maxlength=\"400\" class=\"wpcf7-form-control wpcf7-text wpcf7-validates-as-required\" id=\"your-name\" aria-required=\"true\" aria-invalid=\"false\" value=\"\" type=\"text\" name=\"your-name\" \/><\/span> <\/label>\n  <\/div>\n<\/div>  \n  <div class=\"content-column one_half last_column\">\n    <label> Va\u0161 e-mail naslov (*)\n        <span class=\"wpcf7-form-control-wrap\" data-name=\"your-email\"><input size=\"40\" maxlength=\"400\" class=\"wpcf7-form-control wpcf7-email wpcf7-validates-as-required wpcf7-text wpcf7-validates-as-email\" id=\"your-email\" aria-required=\"true\" aria-invalid=\"false\" value=\"\" type=\"email\" name=\"your-email\" \/><\/span> <\/label>\n  <\/div>\n<div class=\"content-column one_half\">\n<label> Datum prihoda\n<span class=\"wpcf7-form-control-wrap\" data-name=\"date-79\"><input class=\"wpcf7-form-control wpcf7-date wpcf7-validates-as-date\" id=\"Arrivaldate\" aria-invalid=\"false\" value=\"\" type=\"date\" name=\"date-79\" \/><\/span> <\/label>\n<\/div>\n<div class=\"content-column one_half last_column\">\n<label> Datum odhoda\n<span class=\"wpcf7-form-control-wrap\" data-name=\"date-80\"><input class=\"wpcf7-form-control wpcf7-date wpcf7-validates-as-date\" id=\"Departuredate\" aria-invalid=\"false\" value=\"\" type=\"date\" name=\"date-80\" \/><\/span> <\/label>\n<\/div>\n<label> Koliko gostov?\n    <span class=\"wpcf7-form-control-wrap\" data-name=\"menu-273\"><select class=\"wpcf7-form-control wpcf7-select\" id=\"menu-273\" aria-invalid=\"false\" name=\"menu-273\"><option value=\"0\">0<\/option><option value=\"1\">1<\/option><option value=\"2\">2<\/option><option value=\"3\">3<\/option><option value=\"4\">4<\/option><option value=\"5\">5<\/option><option value=\"6\">6<\/option><\/select><\/span><\/label>\n\n<div class=\"form-row\">\n       <div class=\"content-column one_third\"><div style=\"padding:\"5px;\"><p>\u0160tevilo odraslih <span class=\"wpcf7-form-control-wrap\" data-name=\"menu-274\"><select class=\"wpcf7-form-control wpcf7-select\" id=\"menu-274\" aria-invalid=\"false\" name=\"menu-274\"><option value=\"0\">0<\/option><option value=\"1\">1<\/option><option value=\"2\">2<\/option><option value=\"3\">3<\/option><option value=\"4\">4<\/option><option value=\"5\">5<\/option><option value=\"6\">6<\/option><\/select><\/span> <\/p><\/div><\/div>\n       <div class=\"content-column one_third\"><p>\u0160tevilo otrok do 6 let <span class=\"wpcf7-form-control-wrap\" data-name=\"menu-275\"><select class=\"wpcf7-form-control wpcf7-select\" id=\"menu-275\" aria-invalid=\"false\" name=\"menu-275\"><option value=\"0\">0<\/option><option value=\"1\">1<\/option><option value=\"2\">2<\/option><option value=\"3\">3<\/option><option value=\"4\">4<\/option><option value=\"5\">5<\/option><option value=\"6\">6<\/option><\/select><\/span><\/p><\/div>\n       <div class=\"content-column one_third last_column\"><p>\u0160tevilo otrok do 12 let <span class=\"wpcf7-form-control-wrap\" data-name=\"menu-276\"><select class=\"wpcf7-form-control wpcf7-select\" id=\"menu-276\" aria-invalid=\"false\" name=\"menu-276\"><option value=\"0\">0<\/option><option value=\"1\">1<\/option><option value=\"2\">2<\/option><option value=\"3\">3<\/option><option value=\"4\">4<\/option><option value=\"5\">5<\/option><option value=\"6\">6<\/option><\/select><\/span><\/p><\/div>\n<\/div>\n<br>\nAli potrebujete prevoz do po\u010ditni\u0161ke hi\u0161e? \n<span class=\"wpcf7-form-control-wrap\" data-name=\"your-pickup\"><span class=\"wpcf7-form-control wpcf7-radio\"><span class=\"wpcf7-list-item first\"><label><input type=\"radio\" name=\"your-pickup\" value=\"Ne potrebujem prevoza\" checked=\"checked\" \/><span class=\"wpcf7-list-item-label\">Ne potrebujem prevoza<\/span><\/label><\/span><span class=\"wpcf7-list-item last\"><label><input type=\"radio\" name=\"your-pickup\" value=\"Potrebujem prevoz\" \/><span class=\"wpcf7-list-item-label\">Potrebujem prevoz<\/span><\/label><\/span><\/span><\/span>\n\n<label> Va\u0161e sporo\u010dilo\n    <span class=\"wpcf7-form-control-wrap\" data-name=\"your-message\"><textarea cols=\"40\" rows=\"10\" maxlength=\"2000\" class=\"wpcf7-form-control wpcf7-textarea\" id=\"your-message\" aria-invalid=\"false\" name=\"your-message\"><\/textarea><\/span> <\/label>\n\n<input class=\"wpcf7-form-control wpcf7-submit has-spinner\" type=\"submit\" value=\"Po\u0161lji\" \/>\n\n<\/div><div class=\"wpcf7-response-output\" aria-hidden=\"true\"><\/div>\n<\/form>\n<\/div>\n<\/div>\n\t\t\t\t\t\t<\/div>\n\t\t\t\t<\/div>\n\t\t\t\t\t<\/div>\n\t\t<\/div>\n\t\t\t\t\t<\/div>\n\t\t<\/section>\n\t\t\t\t<\/div>\n\t\t","protected":false},"excerpt":{"rendered":"<p>Welcome to Carinthia, the village of the Olympians &#8211; Black in Carinthia. Holiday house Natur pur Pikovo is located below the mighty mountain Peco, at 1000 m above sea level.<\/p>\n","protected":false},"author":1,"featured_media":642,"parent":0,"menu_order":0,"comment_status":"closed","ping_status":"closed","template":"template-page-wide.php","meta":{"inline_featured_image":false,"footnotes":""},"class_list":["post-210","page","type-page","status-publish","has-post-thumbnail","hentry"],"_links":{"self":[{"href":"https:\/\/pikovo.com\/en\/wp-json\/wp\/v2\/pages\/210","targetHints":{"allow":["GET"]}}],"collection":[{"href":"https:\/\/pikovo.com\/en\/wp-json\/wp\/v2\/pages"}],"about":[{"href":"https:\/\/pikovo.com\/en\/wp-json\/wp\/v2\/types\/page"}],"author":[{"embeddable":true,"href":"https:\/\/pikovo.com\/en\/wp-json\/wp\/v2\/users\/1"}],"replies":[{"embeddable":true,"href":"https:\/\/pikovo.com\/en\/wp-json\/wp\/v2\/comments?post=210"}],"version-history":[{"count":79,"href":"https:\/\/pikovo.com\/en\/wp-json\/wp\/v2\/pages\/210\/revisions"}],"predecessor-version":[{"id":1503,"href":"https:\/\/pikovo.com\/en\/wp-json\/wp\/v2\/pages\/210\/revisions\/1503"}],"wp:featuredmedia":[{"embeddable":true,"href":"https:\/\/pikovo.com\/en\/wp-json\/wp\/v2\/media\/642"}],"wp:attachment":[{"href":"https:\/\/pikovo.com\/en\/wp-json\/wp\/v2\/media?parent=210"}],"curies":[{"name":"wp","href":"https:\/\/api.w.org\/{rel}","templated":true}]}}