{"id":278,"date":"2020-11-04T08:57:43","date_gmt":"2020-11-04T08:57:43","guid":{"rendered":"https:\/\/themes.getmotopress.com\/albatross\/?page_id=278"},"modified":"2024-09-01T23:49:04","modified_gmt":"2024-09-01T23:49:04","slug":"nudimo-vam","status":"publish","type":"page","link":"https:\/\/pikovo.com\/de\/nudimo-vam\/","title":{"rendered":"Unser Angebot"},"content":{"rendered":"\t\t<div data-elementor-type=\"wp-page\" data-elementor-id=\"278\" class=\"elementor elementor-278\" data-elementor-post-type=\"page\">\n\t\t\t\t\t\t<section class=\"elementor-section elementor-top-section elementor-element elementor-element-d20e305 elementor-section-boxed elementor-section-height-default elementor-section-height-default\" data-id=\"d20e305\" data-element_type=\"section\">\n\t\t\t\t\t\t<div class=\"elementor-container elementor-column-gap-default\">\n\t\t\t\t\t<div class=\"elementor-column elementor-col-33 elementor-top-column elementor-element elementor-element-5f9671d\" data-id=\"5f9671d\" data-element_type=\"column\">\n\t\t\t<div class=\"elementor-widget-wrap elementor-element-populated\">\n\t\t\t\t\t\t<div class=\"elementor-element elementor-element-83545c2 elementor-widget elementor-widget-stratum-flip-box\" data-id=\"83545c2\" data-element_type=\"widget\" data-widget_type=\"stratum-flip-box.default\">\n\t\t\t\t<div class=\"elementor-widget-container\">\n\t\t\t\t\t<div class=\"stratum-flip-box flip-box-effect-flip flip-box-direction-right\">\n    <div class=\"stratum-flip-box__inner\">\n        <div class=\"stratum-flip-box__layer stratum-flip-box__front\">\n            <div class=\"stratum-flip-box__layer__overlay\">\n                <div class=\"stratum-flip-box__layer__inner\">\n\t\t\t\t\t<div class='stratum-flip-box__image'><img src='https:\/\/pikovo.com\/wp-content\/uploads\/2020\/11\/a-icon-1.svg' class='stratum-flip-box__image wp-image-285' srcset=''\/><\/div>                    <h3 class=\"stratum-flip-box__title\">Razgled<\/h3>\n                    <div class=\"stratum-flip-box__description\">Opis razgleda,..<\/div>\n                <\/div>\n            <\/div>\n        <\/div>\n\n        <div class=\"stratum-flip-box__layer stratum-flip-box__back\">\n            <div class=\"stratum-flip-box__layer__overlay\">\n                <div class=\"stratum-flip-box__layer__inner\">\n\t\t\t\t\t                    <h3 class=\"stratum-flip-box__title\">Razgled<\/h3>\n                    <div class=\"stratum-flip-box__description\">Opis razgleda,..<\/div>\n\t\t\t\t\t\t\t\t\t<\/div>\n            <\/div>\n        <\/div>\n    <\/div>\n<\/div>\n\t\t\t\t<\/div>\n\t\t\t\t<\/div>\n\t\t\t\t\t<\/div>\n\t\t<\/div>\n\t\t\t\t<div class=\"elementor-column elementor-col-33 elementor-top-column elementor-element elementor-element-81e4291\" data-id=\"81e4291\" data-element_type=\"column\">\n\t\t\t<div class=\"elementor-widget-wrap elementor-element-populated\">\n\t\t\t\t\t\t<div class=\"elementor-element elementor-element-1836fea elementor-widget elementor-widget-stratum-flip-box\" data-id=\"1836fea\" data-element_type=\"widget\" data-widget_type=\"stratum-flip-box.default\">\n\t\t\t\t<div class=\"elementor-widget-container\">\n\t\t\t\t\t<div class=\"stratum-flip-box flip-box-effect-flip flip-box-direction-right\">\n    <div class=\"stratum-flip-box__inner\">\n        <div class=\"stratum-flip-box__layer stratum-flip-box__front\">\n            <div class=\"stratum-flip-box__layer__overlay\">\n                <div class=\"stratum-flip-box__layer__inner\">\n\t\t\t\t\t<div class='stratum-flip-box__image'><img src='https:\/\/pikovo.com\/wp-content\/uploads\/2021\/10\/fire_trans.png' class='stratum-flip-box__image wp-image-718' srcset=''\/><\/div>                    <h3 class=\"stratum-flip-box__title\">Kamin<\/h3>\n                    <div class=\"stratum-flip-box__description\">Opis kaminov v ko\u010di..<\/div>\n                <\/div>\n            <\/div>\n        <\/div>\n\n        <div class=\"stratum-flip-box__layer stratum-flip-box__back\">\n            <div class=\"stratum-flip-box__layer__overlay\">\n                <div class=\"stratum-flip-box__layer__inner\">\n\t\t\t\t\t                    <h3 class=\"stratum-flip-box__title\">Kamin<\/h3>\n                    <div class=\"stratum-flip-box__description\">Opis kaminov v ko\u010di..<\/div>\n\t\t\t\t\t\t\t\t\t<\/div>\n            <\/div>\n        <\/div>\n    <\/div>\n<\/div>\n\t\t\t\t<\/div>\n\t\t\t\t<\/div>\n\t\t\t\t\t<\/div>\n\t\t<\/div>\n\t\t\t\t<div class=\"elementor-column elementor-col-33 elementor-top-column elementor-element elementor-element-40e87a5\" data-id=\"40e87a5\" data-element_type=\"column\">\n\t\t\t<div class=\"elementor-widget-wrap elementor-element-populated\">\n\t\t\t\t\t\t<div class=\"elementor-element elementor-element-60433d2 elementor-widget elementor-widget-stratum-flip-box\" data-id=\"60433d2\" data-element_type=\"widget\" data-widget_type=\"stratum-flip-box.default\">\n\t\t\t\t<div class=\"elementor-widget-container\">\n\t\t\t\t\t<div class=\"stratum-flip-box flip-box-effect-flip flip-box-direction-right\">\n    <div class=\"stratum-flip-box__inner\">\n        <div class=\"stratum-flip-box__layer stratum-flip-box__front\">\n            <div class=\"stratum-flip-box__layer__overlay\">\n                <div class=\"stratum-flip-box__layer__inner\">\n\t\t\t\t\t<div class='stratum-flip-box__image'><img src='https:\/\/pikovo.com\/wp-content\/uploads\/2021\/10\/picnic-table.png' class='stratum-flip-box__image wp-image-726' srcset='https:\/\/pikovo.com\/wp-content\/uploads\/2021\/10\/picnic-table.png 500w, https:\/\/pikovo.com\/wp-content\/uploads\/2021\/10\/picnic-table-300x300.png 300w, https:\/\/pikovo.com\/wp-content\/uploads\/2021\/10\/picnic-table-450x450.png 450w'\/><\/div>                    <h3 class=\"stratum-flip-box__title\">Piknik<\/h3>\n                    <div class=\"stratum-flip-box__description\">Opis piknik prostora...<\/div>\n                <\/div>\n            <\/div>\n        <\/div>\n\n        <div class=\"stratum-flip-box__layer stratum-flip-box__back\">\n            <div class=\"stratum-flip-box__layer__overlay\">\n                <div class=\"stratum-flip-box__layer__inner\">\n\t\t\t\t\t                    <h3 class=\"stratum-flip-box__title\">Piknik<\/h3>\n                    <div class=\"stratum-flip-box__description\">Opis piknik prostora...<\/div>\n\t\t\t\t\t\t\t\t\t<\/div>\n            <\/div>\n        <\/div>\n    <\/div>\n<\/div>\n\t\t\t\t<\/div>\n\t\t\t\t<\/div>\n\t\t\t\t\t<\/div>\n\t\t<\/div>\n\t\t\t\t\t<\/div>\n\t\t<\/section>\n\t\t\t\t<section class=\"elementor-section elementor-top-section elementor-element elementor-element-8315e78 elementor-section-boxed elementor-section-height-default elementor-section-height-default\" data-id=\"8315e78\" data-element_type=\"section\">\n\t\t\t\t\t\t<div class=\"elementor-container elementor-column-gap-default\">\n\t\t\t\t\t<div class=\"elementor-column elementor-col-33 elementor-top-column elementor-element elementor-element-0549b4b\" data-id=\"0549b4b\" data-element_type=\"column\">\n\t\t\t<div class=\"elementor-widget-wrap elementor-element-populated\">\n\t\t\t\t\t\t<div class=\"elementor-element elementor-element-c9488c9 elementor-widget elementor-widget-stratum-flip-box\" data-id=\"c9488c9\" data-element_type=\"widget\" data-widget_type=\"stratum-flip-box.default\">\n\t\t\t\t<div class=\"elementor-widget-container\">\n\t\t\t\t\t<div class=\"stratum-flip-box flip-box-effect-flip flip-box-direction-right\">\n    <div class=\"stratum-flip-box__inner\">\n        <div class=\"stratum-flip-box__layer stratum-flip-box__front\">\n            <div class=\"stratum-flip-box__layer__overlay\">\n                <div class=\"stratum-flip-box__layer__inner\">\n\t\t\t\t\t<div class='stratum-flip-box__image'><img src='https:\/\/pikovo.com\/wp-content\/uploads\/2020\/11\/a-icon-5.svg' class='stratum-flip-box__image wp-image-289' srcset=''\/><\/div>                    <h3 class=\"stratum-flip-box__title\">Udobje<\/h3>\n                    <div class=\"stratum-flip-box__description\">Udobje sob,..<\/div>\n                <\/div>\n            <\/div>\n        <\/div>\n\n        <div class=\"stratum-flip-box__layer stratum-flip-box__back\">\n            <div class=\"stratum-flip-box__layer__overlay\">\n                <div class=\"stratum-flip-box__layer__inner\">\n\t\t\t\t\t                    <h3 class=\"stratum-flip-box__title\">Udobje<\/h3>\n                    <div class=\"stratum-flip-box__description\">Udobje sob,..<\/div>\n\t\t\t\t\t\t\t\t\t<\/div>\n            <\/div>\n        <\/div>\n    <\/div>\n<\/div>\n\t\t\t\t<\/div>\n\t\t\t\t<\/div>\n\t\t\t\t\t<\/div>\n\t\t<\/div>\n\t\t\t\t<div class=\"elementor-column elementor-col-33 elementor-top-column elementor-element elementor-element-ebb4ec4\" data-id=\"ebb4ec4\" data-element_type=\"column\">\n\t\t\t<div class=\"elementor-widget-wrap elementor-element-populated\">\n\t\t\t\t\t\t<div class=\"elementor-element elementor-element-f18ee7a elementor-widget elementor-widget-stratum-flip-box\" data-id=\"f18ee7a\" data-element_type=\"widget\" data-widget_type=\"stratum-flip-box.default\">\n\t\t\t\t<div class=\"elementor-widget-container\">\n\t\t\t\t\t<div class=\"stratum-flip-box flip-box-effect-flip flip-box-direction-right\">\n    <div class=\"stratum-flip-box__inner\">\n        <div class=\"stratum-flip-box__layer stratum-flip-box__front\">\n            <div class=\"stratum-flip-box__layer__overlay\">\n                <div class=\"stratum-flip-box__layer__inner\">\n\t\t\t\t\t<div class='stratum-flip-box__image'><img src='https:\/\/pikovo.com\/wp-content\/uploads\/2021\/11\/terasa.png' class='stratum-flip-box__image wp-image-1041' srcset='https:\/\/pikovo.com\/wp-content\/uploads\/2021\/11\/terasa.png 500w, https:\/\/pikovo.com\/wp-content\/uploads\/2021\/11\/terasa-300x300.png 300w, https:\/\/pikovo.com\/wp-content\/uploads\/2021\/11\/terasa-450x450.png 450w'\/><\/div>                    <h3 class=\"stratum-flip-box__title\">Pokrita terasa<\/h3>\n                    <div class=\"stratum-flip-box__description\">Opis pokrite terase...<\/div>\n                <\/div>\n            <\/div>\n        <\/div>\n\n        <div class=\"stratum-flip-box__layer stratum-flip-box__back\">\n            <div class=\"stratum-flip-box__layer__overlay\">\n                <div class=\"stratum-flip-box__layer__inner\">\n\t\t\t\t\t                    <h3 class=\"stratum-flip-box__title\">Pokrita terasa<\/h3>\n                    <div class=\"stratum-flip-box__description\">Opis pokrite terase...<\/div>\n\t\t\t\t\t\t\t\t\t<\/div>\n            <\/div>\n        <\/div>\n    <\/div>\n<\/div>\n\t\t\t\t<\/div>\n\t\t\t\t<\/div>\n\t\t\t\t\t<\/div>\n\t\t<\/div>\n\t\t\t\t<div class=\"elementor-column elementor-col-33 elementor-top-column elementor-element elementor-element-1b09bac\" data-id=\"1b09bac\" data-element_type=\"column\">\n\t\t\t<div class=\"elementor-widget-wrap elementor-element-populated\">\n\t\t\t\t\t\t<div class=\"elementor-element elementor-element-fec4d60 elementor-widget elementor-widget-stratum-flip-box\" data-id=\"fec4d60\" data-element_type=\"widget\" data-widget_type=\"stratum-flip-box.default\">\n\t\t\t\t<div class=\"elementor-widget-container\">\n\t\t\t\t\t<div class=\"stratum-flip-box flip-box-effect-flip flip-box-direction-right\">\n    <div class=\"stratum-flip-box__inner\">\n        <div class=\"stratum-flip-box__layer stratum-flip-box__front\">\n            <div class=\"stratum-flip-box__layer__overlay\">\n                <div class=\"stratum-flip-box__layer__inner\">\n\t\t\t\t\t<div class='stratum-flip-box__image'><img src='https:\/\/pikovo.com\/wp-content\/uploads\/2021\/10\/vnaravi.png' class='stratum-flip-box__image wp-image-741' srcset='https:\/\/pikovo.com\/wp-content\/uploads\/2021\/10\/vnaravi.png 500w, https:\/\/pikovo.com\/wp-content\/uploads\/2021\/10\/vnaravi-300x300.png 300w, https:\/\/pikovo.com\/wp-content\/uploads\/2021\/10\/vnaravi-450x450.png 450w'\/><\/div>                    <h3 class=\"stratum-flip-box__title\">V naravi<\/h3>\n                    <div class=\"stratum-flip-box__description\">Opis narave na lokaciji hi\u0161ke...<\/div>\n                <\/div>\n            <\/div>\n        <\/div>\n\n        <div class=\"stratum-flip-box__layer stratum-flip-box__back\">\n            <div class=\"stratum-flip-box__layer__overlay\">\n                <div class=\"stratum-flip-box__layer__inner\">\n\t\t\t\t\t                    <h3 class=\"stratum-flip-box__title\">V naravi<\/h3>\n                    <div class=\"stratum-flip-box__description\">Opis narave na lokaciji hi\u0161ke...<\/div>\n\t\t\t\t\t\t\t\t\t<\/div>\n            <\/div>\n        <\/div>\n    <\/div>\n<\/div>\n\t\t\t\t<\/div>\n\t\t\t\t<\/div>\n\t\t\t\t\t<\/div>\n\t\t<\/div>\n\t\t\t\t\t<\/div>\n\t\t<\/section>\n\t\t\t\t<\/div>\n\t\t","protected":false},"excerpt":{"rendered":"<p>Die Unterkunft ist der ausgezeichnete Ausgangspunkt f\u00fcr verschiedene Wanderrouten ( Pikov vrh, Veliki vrh, Gorna), f\u00fcrs Bergsteigen (Petzen\/Peca, Raduha, Smrekovec, K24 Ultra Trail),  Mountainbikefahren (in der unmittelbaren N\u00e4he befindet sich das BlackHole Enduro 2019 Trail), Schifahren, Schilaufen oder nur f\u00fcr Erholung in der puren Natur. Die Umgebung k\u00f6nnen Sie auch im Sattel ausforschen; die nahegelegene Ranch bietet Pferde zum Reiten. F\u00fcr diejenigen, die sich nach Adrenalin sehnen, bietet der 1260 m lange Olimpline bzw. Zipline eine besonders atraktive Erfahrung. Das richtige Untergrundabenteuer wartet aber auf Sie in der Unterwelt der Petzen.<\/p>\n","protected":false},"author":1,"featured_media":700,"parent":0,"menu_order":0,"comment_status":"closed","ping_status":"closed","template":"template-page-wide.php","meta":{"inline_featured_image":false,"footnotes":""},"class_list":["post-278","page","type-page","status-publish","has-post-thumbnail","hentry"],"_links":{"self":[{"href":"https:\/\/pikovo.com\/de\/wp-json\/wp\/v2\/pages\/278","targetHints":{"allow":["GET"]}}],"collection":[{"href":"https:\/\/pikovo.com\/de\/wp-json\/wp\/v2\/pages"}],"about":[{"href":"https:\/\/pikovo.com\/de\/wp-json\/wp\/v2\/types\/page"}],"author":[{"embeddable":true,"href":"https:\/\/pikovo.com\/de\/wp-json\/wp\/v2\/users\/1"}],"replies":[{"embeddable":true,"href":"https:\/\/pikovo.com\/de\/wp-json\/wp\/v2\/comments?post=278"}],"version-history":[{"count":51,"href":"https:\/\/pikovo.com\/de\/wp-json\/wp\/v2\/pages\/278\/revisions"}],"predecessor-version":[{"id":1567,"href":"https:\/\/pikovo.com\/de\/wp-json\/wp\/v2\/pages\/278\/revisions\/1567"}],"wp:featuredmedia":[{"embeddable":true,"href":"https:\/\/pikovo.com\/de\/wp-json\/wp\/v2\/media\/700"}],"wp:attachment":[{"href":"https:\/\/pikovo.com\/de\/wp-json\/wp\/v2\/media?parent=278"}],"curies":[{"name":"wp","href":"https:\/\/api.w.org\/{rel}","templated":true}]}}